{"id":25,"date":"2021-05-14T08:13:53","date_gmt":"2021-05-14T08:13:53","guid":{"rendered":"http:\/\/bayern-angeln-am-see.de\/?page_id=25"},"modified":"2021-05-14T12:07:19","modified_gmt":"2021-05-14T12:07:19","slug":"home","status":"publish","type":"page","link":"http:\/\/bayern-angeln-am-see.de\/","title":{"rendered":"Home"},"content":{"rendered":"\n<figure class=\"wp-block-image size-large\"><img loading=\"lazy\" decoding=\"async\" width=\"1024\" height=\"229\" src=\"http:\/\/bayern-angeln-am-see.de\/wp-content\/uploads\/2021\/05\/bgheader_mylitho-1024x229.jpg\" alt=\"\" class=\"wp-image-127\" srcset=\"http:\/\/bayern-angeln-am-see.de\/wp-content\/uploads\/2021\/05\/bgheader_mylitho-1024x229.jpg 1024w, http:\/\/bayern-angeln-am-see.de\/wp-content\/uploads\/2021\/05\/bgheader_mylitho-300x67.jpg 300w, http:\/\/bayern-angeln-am-see.de\/wp-content\/uploads\/2021\/05\/bgheader_mylitho-768x171.jpg 768w, http:\/\/bayern-angeln-am-see.de\/wp-content\/uploads\/2021\/05\/bgheader_mylitho.jpg 1048w\" sizes=\"auto, (max-width: 1024px) 100vw, 1024px\" \/><\/figure>\n\n\n\n<figure class=\"wp-block-image size-large\"><img loading=\"lazy\" decoding=\"async\" width=\"500\" height=\"375\" src=\"http:\/\/bayern-angeln-am-see.de\/wp-content\/uploads\/2021\/05\/fischen-angeln-am-see.jpg\" alt=\"\" class=\"wp-image-49\" srcset=\"http:\/\/bayern-angeln-am-see.de\/wp-content\/uploads\/2021\/05\/fischen-angeln-am-see.jpg 500w, http:\/\/bayern-angeln-am-see.de\/wp-content\/uploads\/2021\/05\/fischen-angeln-am-see-300x225.jpg 300w\" sizes=\"auto, (max-width: 500px) 100vw, 500px\" \/><\/figure>\n\n\n\n<p>An einem Sommermorgen an einem See zu angeln \u2013 gibt es was sch\u00f6neres\u2026<\/p>\n\n\n\n<p>Erholsame Ruhe, frische Luft, Tiere am und im Wasser. Die Hoffnung auf einen erfolgreichen Angeltag, entsch\u00e4digt f\u00fcr das fr\u00fche Aufstehen.<\/p>\n\n\n\n<p><\/p>\n\n\n\n<figure class=\"wp-block-image size-large\"><img loading=\"lazy\" decoding=\"async\" width=\"500\" height=\"375\" src=\"http:\/\/bayern-angeln-am-see.de\/wp-content\/uploads\/2021\/05\/angeln-am-weihern.jpg\" alt=\"\" class=\"wp-image-51\" srcset=\"http:\/\/bayern-angeln-am-see.de\/wp-content\/uploads\/2021\/05\/angeln-am-weihern.jpg 500w, http:\/\/bayern-angeln-am-see.de\/wp-content\/uploads\/2021\/05\/angeln-am-weihern-300x225.jpg 300w\" sizes=\"auto, (max-width: 500px) 100vw, 500px\" \/><\/figure>\n\n\n\n<p>F\u00fcr den Angler z\u00e4hlt an erster Stelle der Fangerfolg. Unsere Gew\u00e4sser werden kontrolliert und Fischbest\u00e4nde kontinuierlich erneuert.<\/p>\n\n\n\n<p>Ob Sie im Sommer oder im Winter angeln, lieber Aal, Barsch, Brassen, Forelle, Hecht, Karpfen, Schleie oder Zander fangen, das Ansitz- oder doch eher das Spinnangeln bevorzugen \u2013 hier bei uns werden Sie finden, was Sie suchen.<\/p>\n\n\n\n<figure class=\"wp-block-image size-large\"><img loading=\"lazy\" decoding=\"async\" width=\"500\" height=\"402\" src=\"http:\/\/bayern-angeln-am-see.de\/wp-content\/uploads\/2021\/05\/angeln-am-see-1-1.jpg\" alt=\"\" class=\"wp-image-52\" srcset=\"http:\/\/bayern-angeln-am-see.de\/wp-content\/uploads\/2021\/05\/angeln-am-see-1-1.jpg 500w, http:\/\/bayern-angeln-am-see.de\/wp-content\/uploads\/2021\/05\/angeln-am-see-1-1-300x241.jpg 300w\" sizes=\"auto, (max-width: 500px) 100vw, 500px\" \/><\/figure>\n","protected":false},"excerpt":{"rendered":"<p>An einem Sommermorgen an einem See zu angeln \u2013 gibt es was sch\u00f6neres\u2026 Erholsame Ruhe, frische Luft, Tiere am und im Wasser. Die Hoffnung auf einen erfolgreichen Angeltag, entsch\u00e4digt f\u00fcr das fr\u00fche Aufstehen. F\u00fcr den Angler z\u00e4hlt an erster Stelle der Fangerfolg. Unsere Gew\u00e4sser werden kontrolliert und Fischbest\u00e4nde kontinuierlich erneuert. Ob Sie im Sommer oder [&hellip;]<\/p>\n","protected":false},"author":1,"featured_media":0,"parent":0,"menu_order":0,"comment_status":"closed","ping_status":"closed","template":"","meta":{"_et_pb_use_builder":"off","_et_pb_old_content":"","_et_gb_content_width":"1280","footnotes":""},"class_list":["post-25","page","type-page","status-publish","hentry"],"yoast_head":"<!-- This site is optimized with the Yoast SEO plugin v20.0 - https:\/\/yoast.com\/wordpress\/plugins\/seo\/ -->\n<title>Home - Angeln am See<\/title>\n<meta name=\"robots\" content=\"index, follow, max-snippet:-1, max-image-preview:large, max-video-preview:-1\" \/>\n<link rel=\"canonical\" href=\"http:\/\/bayern-angeln-am-see.de\/\" \/>\n<meta property=\"og:locale\" content=\"de_DE\" \/>\n<meta property=\"og:type\" content=\"article\" \/>\n<meta property=\"og:title\" content=\"Home - Angeln am See\" \/>\n<meta property=\"og:description\" content=\"An einem Sommermorgen an einem See zu angeln \u2013 gibt es was sch\u00f6neres\u2026 Erholsame Ruhe, frische Luft, Tiere am und im Wasser. Die Hoffnung auf einen erfolgreichen Angeltag, entsch\u00e4digt f\u00fcr das fr\u00fche Aufstehen. F\u00fcr den Angler z\u00e4hlt an erster Stelle der Fangerfolg. Unsere Gew\u00e4sser werden kontrolliert und Fischbest\u00e4nde kontinuierlich erneuert. Ob Sie im Sommer oder [&hellip;]\" \/>\n<meta property=\"og:url\" content=\"http:\/\/bayern-angeln-am-see.de\/\" \/>\n<meta property=\"og:site_name\" content=\"Angeln am See\" \/>\n<meta property=\"article:modified_time\" content=\"2021-05-14T12:07:19+00:00\" \/>\n<meta property=\"og:image\" content=\"http:\/\/bayern-angeln-am-see.de\/wp-content\/uploads\/2021\/05\/bgheader_mylitho-1024x229.jpg\" \/>\n<meta name=\"twitter:card\" content=\"summary_large_image\" \/>\n<meta name=\"twitter:label1\" content=\"Gesch\u00e4tzte Lesezeit\" \/>\n\t<meta name=\"twitter:data1\" content=\"2\u00a0Minuten\" \/>\n<script type=\"application\/ld+json\" class=\"yoast-schema-graph\">{\"@context\":\"https:\/\/schema.org\",\"@graph\":[{\"@type\":\"WebPage\",\"@id\":\"http:\/\/bayern-angeln-am-see.de\/\",\"url\":\"http:\/\/bayern-angeln-am-see.de\/\",\"name\":\"Home - Angeln am See\",\"isPartOf\":{\"@id\":\"http:\/\/bayern-angeln-am-see.de\/#website\"},\"datePublished\":\"2021-05-14T08:13:53+00:00\",\"dateModified\":\"2021-05-14T12:07:19+00:00\",\"breadcrumb\":{\"@id\":\"http:\/\/bayern-angeln-am-see.de\/#breadcrumb\"},\"inLanguage\":\"de\",\"potentialAction\":[{\"@type\":\"ReadAction\",\"target\":[\"http:\/\/bayern-angeln-am-see.de\/\"]}]},{\"@type\":\"BreadcrumbList\",\"@id\":\"http:\/\/bayern-angeln-am-see.de\/#breadcrumb\",\"itemListElement\":[{\"@type\":\"ListItem\",\"position\":1,\"name\":\"Startseite\",\"item\":\"http:\/\/bayern-angeln-am-see.de\/\"},{\"@type\":\"ListItem\",\"position\":2,\"name\":\"Home\"}]},{\"@type\":\"WebSite\",\"@id\":\"http:\/\/bayern-angeln-am-see.de\/#website\",\"url\":\"http:\/\/bayern-angeln-am-see.de\/\",\"name\":\"Angeln am See\",\"description\":\"Just another WordPress site\",\"potentialAction\":[{\"@type\":\"SearchAction\",\"target\":{\"@type\":\"EntryPoint\",\"urlTemplate\":\"http:\/\/bayern-angeln-am-see.de\/?s={search_term_string}\"},\"query-input\":\"required name=search_term_string\"}],\"inLanguage\":\"de\"}]}<\/script>\n<!-- \/ Yoast SEO plugin. -->","yoast_head_json":{"title":"Home - Angeln am See","robots":{"index":"index","follow":"follow","max-snippet":"max-snippet:-1","max-image-preview":"max-image-preview:large","max-video-preview":"max-video-preview:-1"},"canonical":"http:\/\/bayern-angeln-am-see.de\/","og_locale":"de_DE","og_type":"article","og_title":"Home - Angeln am See","og_description":"An einem Sommermorgen an einem See zu angeln \u2013 gibt es was sch\u00f6neres\u2026 Erholsame Ruhe, frische Luft, Tiere am und im Wasser. Die Hoffnung auf einen erfolgreichen Angeltag, entsch\u00e4digt f\u00fcr das fr\u00fche Aufstehen. F\u00fcr den Angler z\u00e4hlt an erster Stelle der Fangerfolg. Unsere Gew\u00e4sser werden kontrolliert und Fischbest\u00e4nde kontinuierlich erneuert. Ob Sie im Sommer oder [&hellip;]","og_url":"http:\/\/bayern-angeln-am-see.de\/","og_site_name":"Angeln am See","article_modified_time":"2021-05-14T12:07:19+00:00","og_image":[{"url":"http:\/\/bayern-angeln-am-see.de\/wp-content\/uploads\/2021\/05\/bgheader_mylitho-1024x229.jpg"}],"twitter_card":"summary_large_image","twitter_misc":{"Gesch\u00e4tzte Lesezeit":"2\u00a0Minuten"},"schema":{"@context":"https:\/\/schema.org","@graph":[{"@type":"WebPage","@id":"http:\/\/bayern-angeln-am-see.de\/","url":"http:\/\/bayern-angeln-am-see.de\/","name":"Home - Angeln am See","isPartOf":{"@id":"http:\/\/bayern-angeln-am-see.de\/#website"},"datePublished":"2021-05-14T08:13:53+00:00","dateModified":"2021-05-14T12:07:19+00:00","breadcrumb":{"@id":"http:\/\/bayern-angeln-am-see.de\/#breadcrumb"},"inLanguage":"de","potentialAction":[{"@type":"ReadAction","target":["http:\/\/bayern-angeln-am-see.de\/"]}]},{"@type":"BreadcrumbList","@id":"http:\/\/bayern-angeln-am-see.de\/#breadcrumb","itemListElement":[{"@type":"ListItem","position":1,"name":"Startseite","item":"http:\/\/bayern-angeln-am-see.de\/"},{"@type":"ListItem","position":2,"name":"Home"}]},{"@type":"WebSite","@id":"http:\/\/bayern-angeln-am-see.de\/#website","url":"http:\/\/bayern-angeln-am-see.de\/","name":"Angeln am See","description":"Just another WordPress site","potentialAction":[{"@type":"SearchAction","target":{"@type":"EntryPoint","urlTemplate":"http:\/\/bayern-angeln-am-see.de\/?s={search_term_string}"},"query-input":"required name=search_term_string"}],"inLanguage":"de"}]}},"_links":{"self":[{"href":"http:\/\/bayern-angeln-am-see.de\/index.php?rest_route=\/wp\/v2\/pages\/25","targetHints":{"allow":["GET"]}}],"collection":[{"href":"http:\/\/bayern-angeln-am-see.de\/index.php?rest_route=\/wp\/v2\/pages"}],"about":[{"href":"http:\/\/bayern-angeln-am-see.de\/index.php?rest_route=\/wp\/v2\/types\/page"}],"author":[{"embeddable":true,"href":"http:\/\/bayern-angeln-am-see.de\/index.php?rest_route=\/wp\/v2\/users\/1"}],"replies":[{"embeddable":true,"href":"http:\/\/bayern-angeln-am-see.de\/index.php?rest_route=%2Fwp%2Fv2%2Fcomments&post=25"}],"version-history":[{"count":12,"href":"http:\/\/bayern-angeln-am-see.de\/index.php?rest_route=\/wp\/v2\/pages\/25\/revisions"}],"predecessor-version":[{"id":128,"href":"http:\/\/bayern-angeln-am-see.de\/index.php?rest_route=\/wp\/v2\/pages\/25\/revisions\/128"}],"wp:attachment":[{"href":"http:\/\/bayern-angeln-am-see.de\/index.php?rest_route=%2Fwp%2Fv2%2Fmedia&parent=25"}],"curies":[{"name":"wp","href":"https:\/\/api.w.org\/{rel}","templated":true}]}}