{"id":33,"date":"2021-05-14T08:20:56","date_gmt":"2021-05-14T08:20:56","guid":{"rendered":"http:\/\/bayern-angeln-am-see.de\/?page_id=33"},"modified":"2021-05-14T10:11:24","modified_gmt":"2021-05-14T10:11:24","slug":"fischzucht","status":"publish","type":"page","link":"http:\/\/bayern-angeln-am-see.de\/?page_id=33","title":{"rendered":"Fischzucht"},"content":{"rendered":"\n<p>In K\u00fcrze zeigen wir Ihnen hier Bilder von den Fischen und der Fischaufzucht.<\/p>\n\n\n\n<figure class=\"wp-block-image size-large\"><img loading=\"lazy\" decoding=\"async\" width=\"500\" height=\"323\" src=\"http:\/\/bayern-angeln-am-see.de\/wp-content\/uploads\/2021\/05\/forellen-eier-zucht.jpg\" alt=\"\" class=\"wp-image-56\" srcset=\"http:\/\/bayern-angeln-am-see.de\/wp-content\/uploads\/2021\/05\/forellen-eier-zucht.jpg 500w, http:\/\/bayern-angeln-am-see.de\/wp-content\/uploads\/2021\/05\/forellen-eier-zucht-300x194.jpg 300w\" sizes=\"auto, (max-width: 500px) 100vw, 500px\" \/><\/figure>\n\n\n\n<p>Die hellen Eier m\u00fcssen t\u00e4glich aussortiert werden. Nur die gesunden Eier gew\u00e4hrleisten eine gute und zahlreiche Nachzucht.<\/p>\n\n\n\n<figure class=\"wp-block-image size-large\"><img loading=\"lazy\" decoding=\"async\" width=\"500\" height=\"345\" src=\"http:\/\/bayern-angeln-am-see.de\/wp-content\/uploads\/2021\/05\/fischeier-zuchtbetrieb.jpg\" alt=\"\" class=\"wp-image-58\" srcset=\"http:\/\/bayern-angeln-am-see.de\/wp-content\/uploads\/2021\/05\/fischeier-zuchtbetrieb.jpg 500w, http:\/\/bayern-angeln-am-see.de\/wp-content\/uploads\/2021\/05\/fischeier-zuchtbetrieb-300x207.jpg 300w\" sizes=\"auto, (max-width: 500px) 100vw, 500px\" \/><\/figure>\n\n\n\n<p>Wenn man genau hinschaut sieht man schon die \u00c4uglein der kleinen Fischchen und deren K\u00f6rper.<\/p>\n\n\n\n<figure class=\"wp-block-image size-large\"><img loading=\"lazy\" decoding=\"async\" width=\"500\" height=\"370\" src=\"http:\/\/bayern-angeln-am-see.de\/wp-content\/uploads\/2021\/05\/fischzucht-eier-forellen.jpg\" alt=\"\" class=\"wp-image-59\" srcset=\"http:\/\/bayern-angeln-am-see.de\/wp-content\/uploads\/2021\/05\/fischzucht-eier-forellen.jpg 500w, http:\/\/bayern-angeln-am-see.de\/wp-content\/uploads\/2021\/05\/fischzucht-eier-forellen-300x222.jpg 300w\" sizes=\"auto, (max-width: 500px) 100vw, 500px\" \/><\/figure>\n\n\n\n<p>Fischzucht und die Fischnachzucht bedeutet aufwenige Arbeit und geduldige Pflege. Nur so ist gew\u00e4hrleistet, das der Bestand erhalten bleibt und die Angler gen\u00fcgend Fische vorfinden.<\/p>\n","protected":false},"excerpt":{"rendered":"<p>In K\u00fcrze zeigen wir Ihnen hier Bilder von den Fischen und der Fischaufzucht. Die hellen Eier m\u00fcssen t\u00e4glich aussortiert werden. Nur die gesunden Eier gew\u00e4hrleisten eine gute und zahlreiche Nachzucht. Wenn man genau hinschaut sieht man schon die \u00c4uglein der kleinen Fischchen und deren K\u00f6rper. Fischzucht und die Fischnachzucht bedeutet aufwenige Arbeit und geduldige Pflege. [&hellip;]<\/p>\n","protected":false},"author":1,"featured_media":0,"parent":0,"menu_order":0,"comment_status":"closed","ping_status":"closed","template":"","meta":{"_et_pb_use_builder":"off","_et_pb_old_content":"","_et_gb_content_width":"1280","footnotes":""},"class_list":["post-33","page","type-page","status-publish","hentry"],"yoast_head":"<!-- This site is optimized with the Yoast SEO plugin v20.0 - https:\/\/yoast.com\/wordpress\/plugins\/seo\/ -->\n<title>Fischzucht - Angeln am See<\/title>\n<meta name=\"robots\" content=\"index, follow, max-snippet:-1, max-image-preview:large, max-video-preview:-1\" \/>\n<link rel=\"canonical\" href=\"http:\/\/bayern-angeln-am-see.de\/?page_id=33\" \/>\n<meta property=\"og:locale\" content=\"de_DE\" \/>\n<meta property=\"og:type\" content=\"article\" \/>\n<meta property=\"og:title\" content=\"Fischzucht - Angeln am See\" \/>\n<meta property=\"og:description\" content=\"In K\u00fcrze zeigen wir Ihnen hier Bilder von den Fischen und der Fischaufzucht. Die hellen Eier m\u00fcssen t\u00e4glich aussortiert werden. Nur die gesunden Eier gew\u00e4hrleisten eine gute und zahlreiche Nachzucht. Wenn man genau hinschaut sieht man schon die \u00c4uglein der kleinen Fischchen und deren K\u00f6rper. Fischzucht und die Fischnachzucht bedeutet aufwenige Arbeit und geduldige Pflege. [&hellip;]\" \/>\n<meta property=\"og:url\" content=\"http:\/\/bayern-angeln-am-see.de\/?page_id=33\" \/>\n<meta property=\"og:site_name\" content=\"Angeln am See\" \/>\n<meta property=\"article:modified_time\" content=\"2021-05-14T10:11:24+00:00\" \/>\n<meta property=\"og:image\" content=\"http:\/\/bayern-angeln-am-see.de\/wp-content\/uploads\/2021\/05\/forellen-eier-zucht.jpg\" \/>\n<meta name=\"twitter:card\" content=\"summary_large_image\" \/>\n<meta name=\"twitter:label1\" content=\"Gesch\u00e4tzte Lesezeit\" \/>\n\t<meta name=\"twitter:data1\" content=\"1\u00a0Minute\" \/>\n<script type=\"application\/ld+json\" class=\"yoast-schema-graph\">{\"@context\":\"https:\/\/schema.org\",\"@graph\":[{\"@type\":\"WebPage\",\"@id\":\"http:\/\/bayern-angeln-am-see.de\/?page_id=33\",\"url\":\"http:\/\/bayern-angeln-am-see.de\/?page_id=33\",\"name\":\"Fischzucht - Angeln am See\",\"isPartOf\":{\"@id\":\"http:\/\/bayern-angeln-am-see.de\/#website\"},\"datePublished\":\"2021-05-14T08:20:56+00:00\",\"dateModified\":\"2021-05-14T10:11:24+00:00\",\"breadcrumb\":{\"@id\":\"http:\/\/bayern-angeln-am-see.de\/?page_id=33#breadcrumb\"},\"inLanguage\":\"de\",\"potentialAction\":[{\"@type\":\"ReadAction\",\"target\":[\"http:\/\/bayern-angeln-am-see.de\/?page_id=33\"]}]},{\"@type\":\"BreadcrumbList\",\"@id\":\"http:\/\/bayern-angeln-am-see.de\/?page_id=33#breadcrumb\",\"itemListElement\":[{\"@type\":\"ListItem\",\"position\":1,\"name\":\"Startseite\",\"item\":\"http:\/\/bayern-angeln-am-see.de\/\"},{\"@type\":\"ListItem\",\"position\":2,\"name\":\"Fischzucht\"}]},{\"@type\":\"WebSite\",\"@id\":\"http:\/\/bayern-angeln-am-see.de\/#website\",\"url\":\"http:\/\/bayern-angeln-am-see.de\/\",\"name\":\"Angeln am See\",\"description\":\"Just another WordPress site\",\"potentialAction\":[{\"@type\":\"SearchAction\",\"target\":{\"@type\":\"EntryPoint\",\"urlTemplate\":\"http:\/\/bayern-angeln-am-see.de\/?s={search_term_string}\"},\"query-input\":\"required name=search_term_string\"}],\"inLanguage\":\"de\"}]}<\/script>\n<!-- \/ Yoast SEO plugin. -->","yoast_head_json":{"title":"Fischzucht - Angeln am See","robots":{"index":"index","follow":"follow","max-snippet":"max-snippet:-1","max-image-preview":"max-image-preview:large","max-video-preview":"max-video-preview:-1"},"canonical":"http:\/\/bayern-angeln-am-see.de\/?page_id=33","og_locale":"de_DE","og_type":"article","og_title":"Fischzucht - Angeln am See","og_description":"In K\u00fcrze zeigen wir Ihnen hier Bilder von den Fischen und der Fischaufzucht. Die hellen Eier m\u00fcssen t\u00e4glich aussortiert werden. Nur die gesunden Eier gew\u00e4hrleisten eine gute und zahlreiche Nachzucht. Wenn man genau hinschaut sieht man schon die \u00c4uglein der kleinen Fischchen und deren K\u00f6rper. Fischzucht und die Fischnachzucht bedeutet aufwenige Arbeit und geduldige Pflege. [&hellip;]","og_url":"http:\/\/bayern-angeln-am-see.de\/?page_id=33","og_site_name":"Angeln am See","article_modified_time":"2021-05-14T10:11:24+00:00","og_image":[{"url":"http:\/\/bayern-angeln-am-see.de\/wp-content\/uploads\/2021\/05\/forellen-eier-zucht.jpg"}],"twitter_card":"summary_large_image","twitter_misc":{"Gesch\u00e4tzte Lesezeit":"1\u00a0Minute"},"schema":{"@context":"https:\/\/schema.org","@graph":[{"@type":"WebPage","@id":"http:\/\/bayern-angeln-am-see.de\/?page_id=33","url":"http:\/\/bayern-angeln-am-see.de\/?page_id=33","name":"Fischzucht - Angeln am See","isPartOf":{"@id":"http:\/\/bayern-angeln-am-see.de\/#website"},"datePublished":"2021-05-14T08:20:56+00:00","dateModified":"2021-05-14T10:11:24+00:00","breadcrumb":{"@id":"http:\/\/bayern-angeln-am-see.de\/?page_id=33#breadcrumb"},"inLanguage":"de","potentialAction":[{"@type":"ReadAction","target":["http:\/\/bayern-angeln-am-see.de\/?page_id=33"]}]},{"@type":"BreadcrumbList","@id":"http:\/\/bayern-angeln-am-see.de\/?page_id=33#breadcrumb","itemListElement":[{"@type":"ListItem","position":1,"name":"Startseite","item":"http:\/\/bayern-angeln-am-see.de\/"},{"@type":"ListItem","position":2,"name":"Fischzucht"}]},{"@type":"WebSite","@id":"http:\/\/bayern-angeln-am-see.de\/#website","url":"http:\/\/bayern-angeln-am-see.de\/","name":"Angeln am See","description":"Just another WordPress site","potentialAction":[{"@type":"SearchAction","target":{"@type":"EntryPoint","urlTemplate":"http:\/\/bayern-angeln-am-see.de\/?s={search_term_string}"},"query-input":"required name=search_term_string"}],"inLanguage":"de"}]}},"_links":{"self":[{"href":"http:\/\/bayern-angeln-am-see.de\/index.php?rest_route=\/wp\/v2\/pages\/33","targetHints":{"allow":["GET"]}}],"collection":[{"href":"http:\/\/bayern-angeln-am-see.de\/index.php?rest_route=\/wp\/v2\/pages"}],"about":[{"href":"http:\/\/bayern-angeln-am-see.de\/index.php?rest_route=\/wp\/v2\/types\/page"}],"author":[{"embeddable":true,"href":"http:\/\/bayern-angeln-am-see.de\/index.php?rest_route=\/wp\/v2\/users\/1"}],"replies":[{"embeddable":true,"href":"http:\/\/bayern-angeln-am-see.de\/index.php?rest_route=%2Fwp%2Fv2%2Fcomments&post=33"}],"version-history":[{"count":9,"href":"http:\/\/bayern-angeln-am-see.de\/index.php?rest_route=\/wp\/v2\/pages\/33\/revisions"}],"predecessor-version":[{"id":83,"href":"http:\/\/bayern-angeln-am-see.de\/index.php?rest_route=\/wp\/v2\/pages\/33\/revisions\/83"}],"wp:attachment":[{"href":"http:\/\/bayern-angeln-am-see.de\/index.php?rest_route=%2Fwp%2Fv2%2Fmedia&parent=33"}],"curies":[{"name":"wp","href":"https:\/\/api.w.org\/{rel}","templated":true}]}}