{"id":48,"date":"2021-05-14T08:29:13","date_gmt":"2021-05-14T08:29:13","guid":{"rendered":"http:\/\/bayern-angeln-am-see.de\/?page_id=48"},"modified":"2021-05-14T09:56:19","modified_gmt":"2021-05-14T09:56:19","slug":"bayern-angeln-am-see","status":"publish","type":"page","link":"http:\/\/bayern-angeln-am-see.de\/?page_id=48","title":{"rendered":"Bayern Angeln Am See"},"content":{"rendered":"\n<p>Im Kieswerk zwischen Freising und Moosburg bieten wir an vorhandenen Baggerseen Angelfreunden die M\u00f6glichkeit zum Angeln am See.<\/p>\n\n\n\n<figure class=\"wp-block-image size-large\"><img loading=\"lazy\" decoding=\"async\" width=\"500\" height=\"375\" src=\"http:\/\/bayern-angeln-am-see.de\/wp-content\/uploads\/2021\/05\/fischen-angeln-am-see.jpg\" alt=\"\" class=\"wp-image-49\" srcset=\"http:\/\/bayern-angeln-am-see.de\/wp-content\/uploads\/2021\/05\/fischen-angeln-am-see.jpg 500w, http:\/\/bayern-angeln-am-see.de\/wp-content\/uploads\/2021\/05\/fischen-angeln-am-see-300x225.jpg 300w\" sizes=\"auto, (max-width: 500px) 100vw, 500px\" \/><\/figure>\n\n\n\n<p>An einem Sommermorgen an einem See zu angeln \u2013 gibt es was sch\u00f6neres\u2026<\/p>\n\n\n\n<p>Erholsame Ruhe, frische Luft, Tiere am und im Wasser. Die Hoffnung auf einen erfolgreichen Angeltag, entsch\u00e4digt f\u00fcr das fr\u00fche Aufstehen.<\/p>\n\n\n\n<p>F\u00fcr den Angler z\u00e4hlt an erster Stelle der Fangerfolg. Unsere Gew\u00e4sser werden kontrolliert und Fischbest\u00e4nde kontinuierlich erneuert.<\/p>\n\n\n\n<p>Ob Sie im Sommer oder im Winter angeln, lieber Aal, Barsch, Brassen, Forelle, Hecht, Karpfen, Schleie oder Zander fangen, das Ansitz- oder doch eher das Spinnangeln bevorzugen \u2013 hier bei uns werden Sie finden, was Sie suchen.<\/p>\n\n\n\n<figure class=\"wp-block-image size-large\"><img loading=\"lazy\" decoding=\"async\" width=\"500\" height=\"375\" src=\"http:\/\/bayern-angeln-am-see.de\/wp-content\/uploads\/2021\/05\/angeln-am-weihern.jpg\" alt=\"\" class=\"wp-image-51\" srcset=\"http:\/\/bayern-angeln-am-see.de\/wp-content\/uploads\/2021\/05\/angeln-am-weihern.jpg 500w, http:\/\/bayern-angeln-am-see.de\/wp-content\/uploads\/2021\/05\/angeln-am-weihern-300x225.jpg 300w\" sizes=\"auto, (max-width: 500px) 100vw, 500px\" \/><\/figure>\n\n\n\n<figure class=\"wp-block-image size-large\"><img loading=\"lazy\" decoding=\"async\" width=\"500\" height=\"332\" src=\"http:\/\/bayern-angeln-am-see.de\/wp-content\/uploads\/2021\/05\/aussicht_auf_heubach_s.jpg\" alt=\"\" class=\"wp-image-71\" srcset=\"http:\/\/bayern-angeln-am-see.de\/wp-content\/uploads\/2021\/05\/aussicht_auf_heubach_s.jpg 500w, http:\/\/bayern-angeln-am-see.de\/wp-content\/uploads\/2021\/05\/aussicht_auf_heubach_s-300x199.jpg 300w\" sizes=\"auto, (max-width: 500px) 100vw, 500px\" \/><\/figure>\n\n\n\n<figure class=\"wp-block-image size-large\"><img loading=\"lazy\" decoding=\"async\" width=\"500\" height=\"402\" src=\"http:\/\/bayern-angeln-am-see.de\/wp-content\/uploads\/2021\/05\/angeln-am-see-1-1.jpg\" alt=\"\" class=\"wp-image-52\" srcset=\"http:\/\/bayern-angeln-am-see.de\/wp-content\/uploads\/2021\/05\/angeln-am-see-1-1.jpg 500w, http:\/\/bayern-angeln-am-see.de\/wp-content\/uploads\/2021\/05\/angeln-am-see-1-1-300x241.jpg 300w\" sizes=\"auto, (max-width: 500px) 100vw, 500px\" \/><\/figure>\n","protected":false},"excerpt":{"rendered":"<p>Im Kieswerk zwischen Freising und Moosburg bieten wir an vorhandenen Baggerseen Angelfreunden die M\u00f6glichkeit zum Angeln am See. An einem Sommermorgen an einem See zu angeln \u2013 gibt es was sch\u00f6neres\u2026 Erholsame Ruhe, frische Luft, Tiere am und im Wasser. Die Hoffnung auf einen erfolgreichen Angeltag, entsch\u00e4digt f\u00fcr das fr\u00fche Aufstehen. F\u00fcr den Angler z\u00e4hlt [&hellip;]<\/p>\n","protected":false},"author":1,"featured_media":0,"parent":0,"menu_order":0,"comment_status":"closed","ping_status":"closed","template":"","meta":{"_et_pb_use_builder":"off","_et_pb_old_content":"","_et_gb_content_width":"1280","footnotes":""},"class_list":["post-48","page","type-page","status-publish","hentry"],"yoast_head":"<!-- This site is optimized with the Yoast SEO plugin v20.0 - https:\/\/yoast.com\/wordpress\/plugins\/seo\/ -->\n<title>Bayern Angeln Am See - Angeln am See<\/title>\n<meta name=\"robots\" content=\"index, follow, max-snippet:-1, max-image-preview:large, max-video-preview:-1\" \/>\n<link rel=\"canonical\" href=\"http:\/\/bayern-angeln-am-see.de\/?page_id=48\" \/>\n<meta property=\"og:locale\" content=\"de_DE\" \/>\n<meta property=\"og:type\" content=\"article\" \/>\n<meta property=\"og:title\" content=\"Bayern Angeln Am See - Angeln am See\" \/>\n<meta property=\"og:description\" content=\"Im Kieswerk zwischen Freising und Moosburg bieten wir an vorhandenen Baggerseen Angelfreunden die M\u00f6glichkeit zum Angeln am See. An einem Sommermorgen an einem See zu angeln \u2013 gibt es was sch\u00f6neres\u2026 Erholsame Ruhe, frische Luft, Tiere am und im Wasser. Die Hoffnung auf einen erfolgreichen Angeltag, entsch\u00e4digt f\u00fcr das fr\u00fche Aufstehen. F\u00fcr den Angler z\u00e4hlt [&hellip;]\" \/>\n<meta property=\"og:url\" content=\"http:\/\/bayern-angeln-am-see.de\/?page_id=48\" \/>\n<meta property=\"og:site_name\" content=\"Angeln am See\" \/>\n<meta property=\"article:modified_time\" content=\"2021-05-14T09:56:19+00:00\" \/>\n<meta property=\"og:image\" content=\"http:\/\/bayern-angeln-am-see.de\/wp-content\/uploads\/2021\/05\/fischen-angeln-am-see.jpg\" \/>\n<meta name=\"twitter:card\" content=\"summary_large_image\" \/>\n<meta name=\"twitter:label1\" content=\"Gesch\u00e4tzte Lesezeit\" \/>\n\t<meta name=\"twitter:data1\" content=\"2\u00a0Minuten\" \/>\n<script type=\"application\/ld+json\" class=\"yoast-schema-graph\">{\"@context\":\"https:\/\/schema.org\",\"@graph\":[{\"@type\":\"WebPage\",\"@id\":\"http:\/\/bayern-angeln-am-see.de\/?page_id=48\",\"url\":\"http:\/\/bayern-angeln-am-see.de\/?page_id=48\",\"name\":\"Bayern Angeln Am See - Angeln am See\",\"isPartOf\":{\"@id\":\"http:\/\/bayern-angeln-am-see.de\/#website\"},\"datePublished\":\"2021-05-14T08:29:13+00:00\",\"dateModified\":\"2021-05-14T09:56:19+00:00\",\"breadcrumb\":{\"@id\":\"http:\/\/bayern-angeln-am-see.de\/?page_id=48#breadcrumb\"},\"inLanguage\":\"de\",\"potentialAction\":[{\"@type\":\"ReadAction\",\"target\":[\"http:\/\/bayern-angeln-am-see.de\/?page_id=48\"]}]},{\"@type\":\"BreadcrumbList\",\"@id\":\"http:\/\/bayern-angeln-am-see.de\/?page_id=48#breadcrumb\",\"itemListElement\":[{\"@type\":\"ListItem\",\"position\":1,\"name\":\"Startseite\",\"item\":\"http:\/\/bayern-angeln-am-see.de\/\"},{\"@type\":\"ListItem\",\"position\":2,\"name\":\"Bayern Angeln Am See\"}]},{\"@type\":\"WebSite\",\"@id\":\"http:\/\/bayern-angeln-am-see.de\/#website\",\"url\":\"http:\/\/bayern-angeln-am-see.de\/\",\"name\":\"Angeln am See\",\"description\":\"Just another WordPress site\",\"potentialAction\":[{\"@type\":\"SearchAction\",\"target\":{\"@type\":\"EntryPoint\",\"urlTemplate\":\"http:\/\/bayern-angeln-am-see.de\/?s={search_term_string}\"},\"query-input\":\"required name=search_term_string\"}],\"inLanguage\":\"de\"}]}<\/script>\n<!-- \/ Yoast SEO plugin. -->","yoast_head_json":{"title":"Bayern Angeln Am See - Angeln am See","robots":{"index":"index","follow":"follow","max-snippet":"max-snippet:-1","max-image-preview":"max-image-preview:large","max-video-preview":"max-video-preview:-1"},"canonical":"http:\/\/bayern-angeln-am-see.de\/?page_id=48","og_locale":"de_DE","og_type":"article","og_title":"Bayern Angeln Am See - Angeln am See","og_description":"Im Kieswerk zwischen Freising und Moosburg bieten wir an vorhandenen Baggerseen Angelfreunden die M\u00f6glichkeit zum Angeln am See. An einem Sommermorgen an einem See zu angeln \u2013 gibt es was sch\u00f6neres\u2026 Erholsame Ruhe, frische Luft, Tiere am und im Wasser. Die Hoffnung auf einen erfolgreichen Angeltag, entsch\u00e4digt f\u00fcr das fr\u00fche Aufstehen. F\u00fcr den Angler z\u00e4hlt [&hellip;]","og_url":"http:\/\/bayern-angeln-am-see.de\/?page_id=48","og_site_name":"Angeln am See","article_modified_time":"2021-05-14T09:56:19+00:00","og_image":[{"url":"http:\/\/bayern-angeln-am-see.de\/wp-content\/uploads\/2021\/05\/fischen-angeln-am-see.jpg"}],"twitter_card":"summary_large_image","twitter_misc":{"Gesch\u00e4tzte Lesezeit":"2\u00a0Minuten"},"schema":{"@context":"https:\/\/schema.org","@graph":[{"@type":"WebPage","@id":"http:\/\/bayern-angeln-am-see.de\/?page_id=48","url":"http:\/\/bayern-angeln-am-see.de\/?page_id=48","name":"Bayern Angeln Am See - Angeln am See","isPartOf":{"@id":"http:\/\/bayern-angeln-am-see.de\/#website"},"datePublished":"2021-05-14T08:29:13+00:00","dateModified":"2021-05-14T09:56:19+00:00","breadcrumb":{"@id":"http:\/\/bayern-angeln-am-see.de\/?page_id=48#breadcrumb"},"inLanguage":"de","potentialAction":[{"@type":"ReadAction","target":["http:\/\/bayern-angeln-am-see.de\/?page_id=48"]}]},{"@type":"BreadcrumbList","@id":"http:\/\/bayern-angeln-am-see.de\/?page_id=48#breadcrumb","itemListElement":[{"@type":"ListItem","position":1,"name":"Startseite","item":"http:\/\/bayern-angeln-am-see.de\/"},{"@type":"ListItem","position":2,"name":"Bayern Angeln Am See"}]},{"@type":"WebSite","@id":"http:\/\/bayern-angeln-am-see.de\/#website","url":"http:\/\/bayern-angeln-am-see.de\/","name":"Angeln am See","description":"Just another WordPress site","potentialAction":[{"@type":"SearchAction","target":{"@type":"EntryPoint","urlTemplate":"http:\/\/bayern-angeln-am-see.de\/?s={search_term_string}"},"query-input":"required name=search_term_string"}],"inLanguage":"de"}]}},"_links":{"self":[{"href":"http:\/\/bayern-angeln-am-see.de\/index.php?rest_route=\/wp\/v2\/pages\/48","targetHints":{"allow":["GET"]}}],"collection":[{"href":"http:\/\/bayern-angeln-am-see.de\/index.php?rest_route=\/wp\/v2\/pages"}],"about":[{"href":"http:\/\/bayern-angeln-am-see.de\/index.php?rest_route=\/wp\/v2\/types\/page"}],"author":[{"embeddable":true,"href":"http:\/\/bayern-angeln-am-see.de\/index.php?rest_route=\/wp\/v2\/users\/1"}],"replies":[{"embeddable":true,"href":"http:\/\/bayern-angeln-am-see.de\/index.php?rest_route=%2Fwp%2Fv2%2Fcomments&post=48"}],"version-history":[{"count":4,"href":"http:\/\/bayern-angeln-am-see.de\/index.php?rest_route=\/wp\/v2\/pages\/48\/revisions"}],"predecessor-version":[{"id":72,"href":"http:\/\/bayern-angeln-am-see.de\/index.php?rest_route=\/wp\/v2\/pages\/48\/revisions\/72"}],"wp:attachment":[{"href":"http:\/\/bayern-angeln-am-see.de\/index.php?rest_route=%2Fwp%2Fv2%2Fmedia&parent=48"}],"curies":[{"name":"wp","href":"https:\/\/api.w.org\/{rel}","templated":true}]}}